{"id":148,"date":"2025-08-28T16:46:27","date_gmt":"2025-08-28T19:46:27","guid":{"rendered":"https:\/\/alemdaimagem.com.br\/?page_id=148"},"modified":"2025-09-10T16:52:10","modified_gmt":"2025-09-10T19:52:10","slug":"professor","status":"publish","type":"page","link":"https:\/\/alemdaimagem.com.br\/?page_id=148","title":{"rendered":"Professor"},"content":{"rendered":"<p><img loading=\"lazy\" decoding=\"async\" class=\"size-medium wp-image-74 aligncenter\" src=\"https:\/\/alemdaimagem.com.br\/wp-content\/uploads\/2024\/02\/base-para-imagens-lead-artigo-300x113.jpg\" alt=\"\" width=\"603\" height=\"227\" srcset=\"https:\/\/alemdaimagem.com.br\/wp-content\/uploads\/2024\/02\/base-para-imagens-lead-artigo-300x113.jpg 300w, https:\/\/alemdaimagem.com.br\/wp-content\/uploads\/2024\/02\/base-para-imagens-lead-artigo-768x289.jpg 768w, https:\/\/alemdaimagem.com.br\/wp-content\/uploads\/2024\/02\/base-para-imagens-lead-artigo.jpg 800w\" sizes=\"auto, (max-width: 603px) 100vw, 603px\" \/><\/p>\n<p class=\"western\"><strong>Mini-bio do professor:<\/strong><br \/>\nFrancisco Alison \u00e9 artista visual e professor de Desenho, com mais de 30 anos de experi\u00eancia em arte\/educa\u00e7\u00e3o.<\/p>\n<p class=\"western\">Com forma\u00e7\u00e3o em Desenho (CLAA) e graduado em Design. Comprometido com o ensino, acredita que todos podem aprender Desenho com dedica\u00e7\u00e3o e orienta\u00e7\u00e3o correta.<\/p>\n<p><img loading=\"lazy\" decoding=\"async\" class=\"alignnone size-medium wp-image-274\" src=\"https:\/\/alemdaimagem.com.br\/wp-content\/uploads\/2025\/09\/also_002-273x300.jpg\" alt=\"\" width=\"273\" height=\"300\" srcset=\"https:\/\/alemdaimagem.com.br\/wp-content\/uploads\/2025\/09\/also_002-273x300.jpg 273w, https:\/\/alemdaimagem.com.br\/wp-content\/uploads\/2025\/09\/also_002.jpg 728w\" sizes=\"auto, (max-width: 273px) 100vw, 273px\" \/><\/p>\n","protected":false},"excerpt":{"rendered":"<p>Mini-bio do professor: Francisco Alison \u00e9 artista visual e professor de Desenho, com mais de 30 anos de experi\u00eancia em arte\/educa\u00e7\u00e3o. Com forma\u00e7\u00e3o em Desenho (CLAA) e graduado em Design. Comprometido com o ensino, acredita que todos podem aprender Desenho com dedica\u00e7\u00e3o e orienta\u00e7\u00e3o correta.<\/p>\n","protected":false},"author":1,"featured_media":0,"parent":144,"menu_order":0,"comment_status":"closed","ping_status":"closed","template":"","meta":{"footnotes":""},"class_list":["post-148","page","type-page","status-publish","hentry"],"_links":{"self":[{"href":"https:\/\/alemdaimagem.com.br\/index.php?rest_route=\/wp\/v2\/pages\/148","targetHints":{"allow":["GET"]}}],"collection":[{"href":"https:\/\/alemdaimagem.com.br\/index.php?rest_route=\/wp\/v2\/pages"}],"about":[{"href":"https:\/\/alemdaimagem.com.br\/index.php?rest_route=\/wp\/v2\/types\/page"}],"author":[{"embeddable":true,"href":"https:\/\/alemdaimagem.com.br\/index.php?rest_route=\/wp\/v2\/users\/1"}],"replies":[{"embeddable":true,"href":"https:\/\/alemdaimagem.com.br\/index.php?rest_route=%2Fwp%2Fv2%2Fcomments&post=148"}],"version-history":[{"count":5,"href":"https:\/\/alemdaimagem.com.br\/index.php?rest_route=\/wp\/v2\/pages\/148\/revisions"}],"predecessor-version":[{"id":275,"href":"https:\/\/alemdaimagem.com.br\/index.php?rest_route=\/wp\/v2\/pages\/148\/revisions\/275"}],"up":[{"embeddable":true,"href":"https:\/\/alemdaimagem.com.br\/index.php?rest_route=\/wp\/v2\/pages\/144"}],"wp:attachment":[{"href":"https:\/\/alemdaimagem.com.br\/index.php?rest_route=%2Fwp%2Fv2%2Fmedia&parent=148"}],"curies":[{"name":"wp","href":"https:\/\/api.w.org\/{rel}","templated":true}]}}