{"id":46,"date":"2024-02-20T12:17:02","date_gmt":"2024-02-20T15:17:02","guid":{"rendered":"https:\/\/alemdaimagem.com.br\/?page_id=46"},"modified":"2026-02-05T13:53:06","modified_gmt":"2026-02-05T16:53:06","slug":"curso-de-desenho-artistico","status":"publish","type":"page","link":"https:\/\/alemdaimagem.com.br\/?page_id=46","title":{"rendered":"Curso de Desenho Art\u00edstico"},"content":{"rendered":"\r\n<figure class=\"wp-block-image size-full\"><img loading=\"lazy\" decoding=\"async\" width=\"800\" height=\"301\" class=\"wp-image-78\" src=\"https:\/\/alemdaimagem.com.br\/wp-content\/uploads\/2024\/02\/base_lead_artigo_001.gif\" alt=\"\" \/><\/figure>\r\n\r\n\r\n\r\n<p>Nosso objetivo \u00e9 desenvolver os fundamentos do Desenho Art\u00edstico, mesclando o desenho intuitivo\/emocional com o desenho racional, mem\u00f3ria visual e criatividade.<\/p>\r\n\r\n\r\n\r\n<p><strong>Para ser aluno<\/strong><br \/>Este curso \u00e9 indicado a qualquer pessoa que queira desenvolver a percep\u00e7\u00e3o intelectual e as habilidades manuais para o desenho, mesmo aqueles que nunca tiveram experi\u00eancia anterior. A finalidade deste curso \u00e9 proporcionar ao aluno conceitos e t\u00e9cnicas de desenho visando desenvolver a capacidade criativa nos mais diversos temas relacionados com a figura humana e a natureza ao seu redor.<\/p>\r\n\r\n\r\n\r\n<p><strong>Idade M\u00ednima para ser aluno<\/strong><br \/>A Idade m\u00ednima para ingresso em nosso curso de desenho \u00e9 de 09 anos.<\/p>\r\n\r\n\r\n\r\n<p>O curso \u00e9 tamb\u00e9m voltado para estudantes de comunica\u00e7\u00e3o, profissionais da Publicidade e Propaganda, aspirantes a ilustradores, desenhistas de narrativas visuais\/hq, artistas gr\u00e1ficos em geral, professores de educa\u00e7\u00e3o art\u00edstica, artistas do Grafitti, artistas pl\u00e1sticos e entusiastas de artes em geral.<\/p>\r\n<p>Obs.: Tamb\u00e9m oferecemos aulas particulares para crian\u00e7as de 6 a 8 anos. Entre em contato!\u00a0<\/p>\r\n\r\n\r\n\r\n<p><strong>Alunos por Turma<\/strong><br \/>06 + prancheta especial para reposi\u00e7\u00e3o e aula demonstrativa.<\/p>\r\n\r\n\r\n\r\n<p><strong>Aula Semi-individualizada<\/strong><br \/>O aluno pode ingressar em qualquer per\u00edodo do ano.<\/p>\r\n\r\n\r\n\r\n<p><strong>Pr\u00e9-requisitos<\/strong><br \/>Gostar de artes e saber ler e escrever.<\/p>\r\n\r\n\r\n\r\n<p><strong>Programa em s\u00edntese<\/strong><br \/>Fundamentos, planejamento e desenvolvimento do Desenho;<br \/>Composi\u00e7\u00e3o, propor\u00e7\u00e3o e equil\u00edbrio;<br \/>Linha, Ponto, Tra\u00e7o, Forma e Volume;<br \/>Observa\u00e7\u00e3o anal\u00edtica: Esbo\u00e7o, pr\u00e9-valoriza\u00e7\u00e3o e arte-final;<br \/>Formas Geom\u00e9tricas, estrutura\u00e7\u00e3o do objeto;<br \/>Perspectiva simplificada;<br \/>Particularidades da Forma, Volumetria, Perspectiva, Propor\u00e7\u00e3o e Equil\u00edbrio;<br \/>A cabe\u00e7a e o corpo humano: Constru\u00e7\u00e3o proporcional, movimento e express\u00e3o;<br \/>Anatomia simplificada, Miologia e Osteologia;<br \/>Estudo aplicado de Luz e Sombra;<br \/>Teoria e harmonia das cores;<br \/>Interpreta\u00e7\u00e3o fotogr\u00e1fica;<br \/>Desenho de Mem\u00f3ria: Cria\u00e7\u00e3o e desenvolvimento;<br \/>Humaniza\u00e7\u00e3o dos objetos;<br \/>A natureza.<\/p>\r\n\r\n\r\n\r\n<p><strong>T\u00e9cnicas praticadas no curso<\/strong><br \/>L\u00e1pis, carv\u00e3o, bastonetes, nanquim (caneta, pena e pincel), aquarela e giz pastel.<\/p>\r\n\r\n\r\n\r\n<p><strong>Valor da mensalidade (Pre\u00e7os Promocionais)<\/strong><br \/>Carga hor\u00e1ria Semanal: 2 a 6 horas semanais, 1 a 3 aulas por semana.<\/p>\r\n\r\n\r\n\r\n<p><strong>Plano A) R$230,00<\/strong> &#8211; 6 horas semanais, 2 aulas semanais com dura\u00e7\u00e3o de 3 horas ou 3 aulas semanais com dura\u00e7\u00e3o de 2 horas;<br \/><strong>Plano B) R$190,00<\/strong> &#8211; 4 horas semanais, 2 aulas por semana com dura\u00e7\u00e3o de 2 horas;<br \/><strong>Plano C) R$160,00<\/strong> &#8211; 3 horas semanais, 1 aula por semana com dura\u00e7\u00e3o de 3 horas;<br \/><strong>Plano D) R$140,00<\/strong> &#8211; 2 horas semanais, 1 aula por semana com dura\u00e7\u00e3o de 2 horas (para crian\u00e7as com idade abaixo de 12 anos).<\/p>\r\n\r\n\r\n\r\n<p><strong>Per\u00edodos<\/strong><br \/>Manh\u00e3: 9:00 \u00e0s 12:00<br \/>Tarde: 14:00 \u00e0s 18:00<br \/>Noite: 18:00 \u00e0s 21:00<\/p>\r\n\r\n\r\n\r\n<p><strong>Aula demonstrativa<\/strong><br \/>Aula gratuita, agendada, com a dura\u00e7\u00e3o de at\u00e9 tr\u00eas horas.<\/p>\r\n\r\n\r\n\r\n<p><strong>Documentos para Matr\u00edcula<\/strong><br \/>Comprovante de resid\u00eancia (fotoc\u00f3pia);<br \/>Documento de identidade do aluno ou do respons\u00e1vel (fotoc\u00f3pia);<br \/>Taxa de Matr\u00edcula: Ser\u00e1 cobrado apenas a mensalidade, sem cobran\u00e7a de taxa de matr\u00edcula.<\/p>\r\n\r\n\r\n\r\n<p><strong>Per\u00edodos<\/strong><br \/>Manh\u00e3: 9:00 \u00e0s 12:00<br \/>Tarde: 14:00 \u00e0s 18:00<br \/>Noite: 18:00 \u00e0s 21:00<\/p>\r\n\r\n\r\n\r\n<p><strong>T\u00e9cnicas praticadas no curso<\/strong><br \/>Papeis diveros, de celulose e algod\u00e3o.<br \/>L\u00e1pis (diversos tipos).<br \/>Bast\u00e3o de Carv\u00e3o.<br \/>Giz pastel (seco e oleoso).<br \/>Nanquim (caneta, pena e pincel).<br \/>Aguada (aquarela, guache, etc.).<\/p>\r\n\r\n\r\n\r\n<p><strong>Destaques<\/strong><br \/>Instala\u00e7\u00f5es preparadas e organizadas para oferecer o melhor ambiente de estudo aos alunos;<br \/>Planos de mensalidades programados com valores acess\u00edveis;<br \/>Dispomos tamb\u00e9m de uma biblioteca e uma gibiteca, que est\u00e3o a disposi\u00e7\u00e3o de nossos alunos.<\/p>\r\n\r\n\r\n\r\n<p><strong>In\u00edcio<\/strong><br \/>Qualquer \u00e9poca do ano;<\/p>\r\n\r\n\r\n\r\n<p><strong>Material B\u00e1sico para ingressar em nosso curso<\/strong><br \/>01 Papel Layout A3, gramatura 75gr ou 90gr, liso e sem margem, 50 folhas;<br \/>02 unidades de l\u00e1pis 2B;<br \/>02 unidades de l\u00e1pis 6B;<br \/>01 unidade de limpa-tipos;<br \/>01 unidade de estojo;<br \/>01 unidade de Pasta do &#8220;tipo&#8221; polionda formato A3.<\/p>\r\n\r\n\r\n\r\n<p><strong>Observa\u00e7\u00e3o<\/strong><br \/>Conforme avan\u00e7ar nos estudos, outros materiais ser\u00e3o solicitados.<\/p>\r\n","protected":false},"excerpt":{"rendered":"<p>Nosso objetivo \u00e9 desenvolver os fundamentos do Desenho Art\u00edstico, mesclando o desenho intuitivo\/emocional com o desenho racional, mem\u00f3ria visual e criatividade. Para ser alunoEste curso \u00e9 indicado a qualquer pessoa que queira desenvolver a percep\u00e7\u00e3o intelectual e as habilidades manuais para o desenho, mesmo aqueles que nunca tiveram experi\u00eancia anterior. A finalidade deste curso \u00e9 [&hellip;]<\/p>\n","protected":false},"author":1,"featured_media":0,"parent":150,"menu_order":3,"comment_status":"closed","ping_status":"closed","template":"","meta":{"footnotes":""},"class_list":["post-46","page","type-page","status-publish","hentry"],"_links":{"self":[{"href":"https:\/\/alemdaimagem.com.br\/index.php?rest_route=\/wp\/v2\/pages\/46","targetHints":{"allow":["GET"]}}],"collection":[{"href":"https:\/\/alemdaimagem.com.br\/index.php?rest_route=\/wp\/v2\/pages"}],"about":[{"href":"https:\/\/alemdaimagem.com.br\/index.php?rest_route=\/wp\/v2\/types\/page"}],"author":[{"embeddable":true,"href":"https:\/\/alemdaimagem.com.br\/index.php?rest_route=\/wp\/v2\/users\/1"}],"replies":[{"embeddable":true,"href":"https:\/\/alemdaimagem.com.br\/index.php?rest_route=%2Fwp%2Fv2%2Fcomments&post=46"}],"version-history":[{"count":4,"href":"https:\/\/alemdaimagem.com.br\/index.php?rest_route=\/wp\/v2\/pages\/46\/revisions"}],"predecessor-version":[{"id":283,"href":"https:\/\/alemdaimagem.com.br\/index.php?rest_route=\/wp\/v2\/pages\/46\/revisions\/283"}],"up":[{"embeddable":true,"href":"https:\/\/alemdaimagem.com.br\/index.php?rest_route=\/wp\/v2\/pages\/150"}],"wp:attachment":[{"href":"https:\/\/alemdaimagem.com.br\/index.php?rest_route=%2Fwp%2Fv2%2Fmedia&parent=46"}],"curies":[{"name":"wp","href":"https:\/\/api.w.org\/{rel}","templated":true}]}}