{"id":48,"date":"2024-02-20T12:21:01","date_gmt":"2024-02-20T15:21:01","guid":{"rendered":"https:\/\/alemdaimagem.com.br\/?page_id=48"},"modified":"2025-09-02T14:59:34","modified_gmt":"2025-09-02T17:59:34","slug":"contato","status":"publish","type":"page","link":"https:\/\/alemdaimagem.com.br\/?page_id=48","title":{"rendered":"Contato"},"content":{"rendered":"\r\n<p><img loading=\"lazy\" decoding=\"async\" class=\"alignnone size-medium wp-image-81\" src=\"https:\/\/alemdaimagem.com.br\/wp-content\/uploads\/2024\/02\/base_lead_artigo_003-300x113.gif\" alt=\"\" width=\"603\" height=\"227\" srcset=\"https:\/\/alemdaimagem.com.br\/wp-content\/uploads\/2024\/02\/base_lead_artigo_003-300x113.gif 300w, https:\/\/alemdaimagem.com.br\/wp-content\/uploads\/2024\/02\/base_lead_artigo_003-768x289.gif 768w\" sizes=\"auto, (max-width: 603px) 100vw, 603px\" \/><\/p>\r\n<p class=\"western\">Seja para tirar d\u00favidas, conhecer a escola ou fazer uma visita, estamos prontos para receber voc\u00ea!<\/p>\r\n<p><strong>Est\u00fadio de Desenho Al\u00e9m da Imagem<\/strong><br \/>Rua Padre Bento Pacheco, n\u00ba 676, Centro.<br \/>Indaiatuba, S\u00e3o Paulo.<br \/>Celular\/Whatsapp (19) 9 9509 0306<br \/>Telefone fixo: (19) 3825 1167<br \/>E-mail: imagine@alemdaimagem.com.br<\/p>\r\n\r\n\r\n\r\n<p><strong>Nosso hor\u00e1rio de funcionamento \u00e9:<\/strong><br \/>Segunda e Quarta 09:00 as 12:00 e das 14:00 as 21:00<br \/>Ter\u00e7a e Quinta-feira 14:00 as 21:00<br \/>Sexta-feira 09:00 as 12:00 e das 14:00 as 17:00<br \/>S\u00e1bado 09:00 as 12:00 e das 14:00 as 17:00<\/p>\r\n\r\n\r\n\r\n<p><iframe loading=\"lazy\" style=\"border: 0;\" src=\"https:\/\/www.google.com\/maps\/embed?pb=!1m14!1m8!1m3!1d14681.241092111673!2d-47.2181928!3d-23.0857351!3m2!1i1024!2i768!4f13.1!3m3!1m2!1s0x94c8b359eb63e765%3A0xfe13d920470c4cda!2sAl%C3%A9m%20da%20Imagem%20-%20Est%C3%BAdio%20de%20Desenho!5e0!3m2!1spt-BR!2sbr!4v1708264368875!5m2!1spt-BR!2sbr\" width=\"450\" height=\"310\" allowfullscreen=\"allowfullscreen\"><\/iframe><\/p>\r\n","protected":false},"excerpt":{"rendered":"<p>Seja para tirar d\u00favidas, conhecer a escola ou fazer uma visita, estamos prontos para receber voc\u00ea! Est\u00fadio de Desenho Al\u00e9m da ImagemRua Padre Bento Pacheco, n\u00ba 676, Centro.Indaiatuba, S\u00e3o Paulo.Celular\/Whatsapp (19) 9 9509 0306Telefone fixo: (19) 3825 1167E-mail: imagine@alemdaimagem.com.br Nosso hor\u00e1rio de funcionamento \u00e9:Segunda e Quarta 09:00 as 12:00 e das 14:00 as 21:00Ter\u00e7a e [&hellip;]<\/p>\n","protected":false},"author":1,"featured_media":0,"parent":0,"menu_order":5,"comment_status":"closed","ping_status":"closed","template":"","meta":{"footnotes":""},"class_list":["post-48","page","type-page","status-publish","hentry"],"_links":{"self":[{"href":"https:\/\/alemdaimagem.com.br\/index.php?rest_route=\/wp\/v2\/pages\/48","targetHints":{"allow":["GET"]}}],"collection":[{"href":"https:\/\/alemdaimagem.com.br\/index.php?rest_route=\/wp\/v2\/pages"}],"about":[{"href":"https:\/\/alemdaimagem.com.br\/index.php?rest_route=\/wp\/v2\/types\/page"}],"author":[{"embeddable":true,"href":"https:\/\/alemdaimagem.com.br\/index.php?rest_route=\/wp\/v2\/users\/1"}],"replies":[{"embeddable":true,"href":"https:\/\/alemdaimagem.com.br\/index.php?rest_route=%2Fwp%2Fv2%2Fcomments&post=48"}],"version-history":[{"count":2,"href":"https:\/\/alemdaimagem.com.br\/index.php?rest_route=\/wp\/v2\/pages\/48\/revisions"}],"predecessor-version":[{"id":256,"href":"https:\/\/alemdaimagem.com.br\/index.php?rest_route=\/wp\/v2\/pages\/48\/revisions\/256"}],"wp:attachment":[{"href":"https:\/\/alemdaimagem.com.br\/index.php?rest_route=%2Fwp%2Fv2%2Fmedia&parent=48"}],"curies":[{"name":"wp","href":"https:\/\/api.w.org\/{rel}","templated":true}]}}